{"id":149,"date":"2016-10-06T17:16:11","date_gmt":"2016-10-06T15:16:11","guid":{"rendered":"http:\/\/only-porsche-books.com\/?page_id=149"},"modified":"2020-02-06T13:45:53","modified_gmt":"2020-02-06T12:45:53","slug":"seite-911_01","status":"publish","type":"page","link":"https:\/\/only-porsche-books.com\/?page_id=149","title":{"rendered":"B\u00fccher \u00fcber Porsche gibt es viele, niemals aber zu viele!"},"content":{"rendered":"<p>Als der Stuttgarter Hermann Lapper 1960 im Selbstverlag sein Buch mit dem Titel \u201eLiebe zu ihm\u201c verlegte, ahnte er sicherlich nicht ansatzweise, welch hervorragendes Werk er damit ver\u00f6ffentlicht hatte. \u00dcber 50 Jahre sp\u00e4ter geh\u00f6rt dieses auf 1.000 Exemplare limitierte Buch zu den gefragtesten unter den \u00fcber 2.500 Titeln, die sich dem Thema Porsche widmen.<\/p>\n<p>Im Format 30,5 x 30,5 cm breitet die \u201eLiebe zu ihm\u201c in f\u00fcnf Sprachen \u2013 Deutsch, Englisch, Franz\u00f6sisch, Italienisch und Spanisch! \u2013 auf 104 Seiten mit 72 mehr- und 18 einfarbigen Abbildungen ein opulentes Panorama der Porschewagen von 1950 bis 1960 ab. Den hellen Leineneinband zieren eine blaue, gelbe und rote Pr\u00e4gung mit den eleganten Silhouetten der Porsche-Modelle 356, 550 und 718. Auf dem vierfarbig gedruckte Schutzumschlag prangt das Konterfei des Porsche 356. Gedruckt wurde die \u201eLiebe zu ihm\u201c in Stuttgart-M\u00fcnster, auch f\u00fcr den Satz zeichnet die Buchdruckerei Theodor Glauner verantwortlich.<\/p>\n<p><strong>ONLY PORSCHE BOOKS<\/strong> stellt dieses und viele weitere B\u00fccher rund um das Thema Porsche vor. Hier werden die Firmengeschichte und alle Automodelle behandelt. Doch geht es uns nicht nur um Porsche, auch das Buch an sich interessiert und fasziniert uns, seine Aufmachung, seine \u201eSonderausstattungen\u201c und alle erdenklichen Daten rund ums Buch werden deshalb erfasst und dokumentiert.<\/p>\n<p>Gestaltung war bei Porsche schon immer ein wesentliches Thema und ist es weiterhin. St\u00e4ndige Ver\u00e4nderung und Ann\u00e4herung an zeitliche Gegebenheiten, technische Innovationen und sich \u00e4ndernde Geschm\u00e4cker sind nicht nur bei Porsche ein Qualit\u00e4tsmerkmal, auch in der Buchherstellung geh\u00f6ren Ver\u00e4nderungen dazu. Wurden fr\u00fcher noch wenige Bilder und diese meist in Schwarz-Wei\u00df gedruckt, so sind es heute teils bildgewaltige B\u00e4nde im Mehrfarbendruck, die mit zahlreichen weiterf\u00fchrenden Informationen aufwarten \u2013 eine Komplexit\u00e4tssteigerung, die wir in Parallele zu den immer komplexeren Autos der Marke Porsche sehen wollen.<\/p>\n<p><strong>ONLY PORSCHE BOOKS<\/strong> zeigt B\u00fccher und ihre Geschichten. Schlagen Sie mit uns die Seiten dieses Buches auf und kommen Sie mit auf eine einzigartige Zeitreise durch tausende von gedruckten Seiten.<\/p>\n<p>Viel Spa\u00df bei\u00a0<strong><a href=\"http:\/\/only-porsche-books.com\/grid\/\">ONLY PORSCHE BOOKS<\/a><\/strong><\/p>\n<!-- AddThis Advanced Settings generic via filter on the_content --><!-- AddThis Share Buttons generic via filter on the_content -->","protected":false},"excerpt":{"rendered":"<p>Als der Stuttgarter Hermann Lapper 1960 im Selbstverlag sein Buch mit dem Titel \u201eLiebe zu ihm\u201c verlegte, ahnte er sicherlich nicht ansatzweise, welch hervorragendes Werk er damit ver\u00f6ffentlicht hatte. \u00dcber 50 Jahre sp\u00e4ter geh\u00f6rt dieses auf 1.000 Exemplare limitierte Buch zu den gefragtesten unter den \u00fcber 2.500 Titeln, die sich dem Thema Porsche widmen. Im &hellip; <a href=\"https:\/\/only-porsche-books.com\/?page_id=149\" class=\"more-link\"><span class=\"screen-reader-text\">B\u00fccher \u00fcber Porsche gibt es viele, niemals aber zu viele!<\/span> weiterlesen <span class=\"meta-nav\">&rarr;<\/span><\/a><!-- AddThis Advanced Settings generic via filter on get_the_excerpt --><!-- AddThis Share Buttons generic via filter on get_the_excerpt --><\/p>\n","protected":false},"author":1,"featured_media":0,"parent":0,"menu_order":0,"comment_status":"closed","ping_status":"closed","template":"","meta":{"footnotes":""},"class_list":["post-149","page","type-page","status-publish","hentry"],"_links":{"self":[{"href":"https:\/\/only-porsche-books.com\/index.php?rest_route=\/wp\/v2\/pages\/149"}],"collection":[{"href":"https:\/\/only-porsche-books.com\/index.php?rest_route=\/wp\/v2\/pages"}],"about":[{"href":"https:\/\/only-porsche-books.com\/index.php?rest_route=\/wp\/v2\/types\/page"}],"author":[{"embeddable":true,"href":"https:\/\/only-porsche-books.com\/index.php?rest_route=\/wp\/v2\/users\/1"}],"replies":[{"embeddable":true,"href":"https:\/\/only-porsche-books.com\/index.php?rest_route=%2Fwp%2Fv2%2Fcomments&post=149"}],"version-history":[{"count":4,"href":"https:\/\/only-porsche-books.com\/index.php?rest_route=\/wp\/v2\/pages\/149\/revisions"}],"predecessor-version":[{"id":4197,"href":"https:\/\/only-porsche-books.com\/index.php?rest_route=\/wp\/v2\/pages\/149\/revisions\/4197"}],"wp:attachment":[{"href":"https:\/\/only-porsche-books.com\/index.php?rest_route=%2Fwp%2Fv2%2Fmedia&parent=149"}],"curies":[{"name":"wp","href":"https:\/\/api.w.org\/{rel}","templated":true}]}}