{"id":167,"date":"2016-10-06T17:49:27","date_gmt":"2016-10-06T15:49:27","guid":{"rendered":"http:\/\/only-porsche-books.com\/?page_id=167"},"modified":"2020-02-14T10:39:13","modified_gmt":"2020-02-14T09:39:13","slug":"kontakt-seite","status":"publish","type":"page","link":"https:\/\/only-porsche-books.com\/?page_id=167","title":{"rendered":"Anfrage und Kontakt"},"content":{"rendered":"<p>Interessieren Sie sich f\u00fcr ein bestimmtes Buch?<br \/>\nBen\u00f6tigen Sie weitere Informationen?<br \/>\nWollen Sie eine Projektidee besprechen oder<br \/>\nhaben Sie Interesse an Buch -Sch\u00e4tzchen, -Sammlungen, -Archiven oder Motorsport-Fotos?<br \/>\nDann rufen Sie doch einfach an, Tel.: +49 7121-957923<br \/>\noder Sie senden eine Email \u00fcber das Nachrichtenfeld.<\/p>\n<p>Das Team von Only-Porsche-Books freut sich auf Sie!<\/p>\n\n<div class=\"wpcf7 no-js\" id=\"wpcf7-f224-o1\" lang=\"de-DE\" dir=\"ltr\">\n<div class=\"screen-reader-response\"><p role=\"status\" aria-live=\"polite\" aria-atomic=\"true\"><\/p> <ul><\/ul><\/div>\n<form action=\"\/index.php?rest_route=%2Fwp%2Fv2%2Fpages%2F167#wpcf7-f224-o1\" method=\"post\" class=\"wpcf7-form init\" aria-label=\"Kontaktformular\" novalidate=\"novalidate\" data-status=\"init\">\n<div style=\"display: none;\">\n<input type=\"hidden\" name=\"_wpcf7\" value=\"224\" \/>\n<input type=\"hidden\" name=\"_wpcf7_version\" value=\"5.8.2\" \/>\n<input type=\"hidden\" name=\"_wpcf7_locale\" value=\"de_DE\" \/>\n<input type=\"hidden\" name=\"_wpcf7_unit_tag\" value=\"wpcf7-f224-o1\" \/>\n<input type=\"hidden\" name=\"_wpcf7_container_post\" value=\"0\" \/>\n<input type=\"hidden\" name=\"_wpcf7_posted_data_hash\" value=\"\" \/>\n<\/div>\n<p><label> Ihr Name (Pflichtfeld)<br \/>\n<span class=\"wpcf7-form-control-wrap\" data-name=\"your-name\"><input size=\"40\" class=\"wpcf7-form-control wpcf7-text wpcf7-validates-as-required\" aria-required=\"true\" aria-invalid=\"false\" value=\"\" type=\"text\" name=\"your-name\" \/><\/span> <\/label>\n<\/p>\n<p><label> Telefon Nummer<br \/>\n<span class=\"wpcf7-form-control-wrap\" data-name=\"tel-414\"><input size=\"40\" class=\"wpcf7-form-control wpcf7-tel wpcf7-text wpcf7-validates-as-tel\" aria-invalid=\"false\" value=\"\" type=\"tel\" name=\"tel-414\" \/><\/span> <\/label>\n<\/p>\n<p><label> Ihre E-Mail-Adresse (Pflichtfeld)<br \/>\n<span class=\"wpcf7-form-control-wrap\" data-name=\"your-email\"><input size=\"40\" class=\"wpcf7-form-control wpcf7-email wpcf7-validates-as-required wpcf7-text wpcf7-validates-as-email\" aria-required=\"true\" aria-invalid=\"false\" value=\"\" type=\"email\" name=\"your-email\" \/><\/span> <\/label>\n<\/p>\n<p><label> Betreff<br \/>\n<span class=\"wpcf7-form-control-wrap\" data-name=\"your-subject\"><input size=\"40\" class=\"wpcf7-form-control wpcf7-text\" aria-invalid=\"false\" value=\"\" type=\"text\" name=\"your-subject\" \/><\/span> <\/label>\n<\/p>\n<p><label> Ihre Nachricht<br \/>\n<span class=\"wpcf7-form-control-wrap\" data-name=\"your-message\"><textarea cols=\"40\" rows=\"10\" class=\"wpcf7-form-control wpcf7-textarea\" aria-invalid=\"false\" name=\"your-message\"><\/textarea><\/span> <\/label>\n<\/p>\n<p><span class=\"wpcf7-form-control-wrap wpgdprc\"><span class=\"wpcf7-form-control wpcf7-wpgdprc wpcf7-validates-as-required\"><span class=\"wpcf7-list-item\"><input type=\"checkbox\" name=\"wpgdprc\" value=\"1\" aria-required=\"true\" aria-invalid=\"false\" \/><span class=\"wpcf7-list-item-label\">Mit der Nutzung dieses Formulars erkl\u00e4ren Sie sich mit der Speicherung und Verarbeitung ihrer Daten durch diese Website und deren Datenschutzbelehrung einverstanden.<\/span><\/span><\/span>    <\/span>\n<\/p>\n<p><input class=\"wpcf7-form-control wpcf7-submit has-spinner\" type=\"submit\" value=\"Senden\" \/>\n<\/p><div class=\"wpcf7-response-output\" aria-hidden=\"true\"><\/div>\n<\/form>\n<\/div>\n\n<!-- AddThis Advanced Settings generic via filter on the_content --><!-- AddThis Share Buttons generic via filter on the_content -->","protected":false},"excerpt":{"rendered":"<p>Interessieren Sie sich f\u00fcr ein bestimmtes Buch? Ben\u00f6tigen Sie weitere Informationen? Wollen Sie eine Projektidee besprechen oder haben Sie Interesse an Buch -Sch\u00e4tzchen, -Sammlungen, -Archiven oder Motorsport-Fotos? Dann rufen Sie doch einfach an, Tel.: +49 7121-957923 oder Sie senden eine Email \u00fcber das Nachrichtenfeld. Das Team von Only-Porsche-Books freut sich auf Sie!<!-- AddThis Advanced Settings generic via filter on get_the_excerpt --><!-- AddThis Share Buttons generic via filter on get_the_excerpt --><\/p>\n","protected":false},"author":1,"featured_media":0,"parent":0,"menu_order":0,"comment_status":"closed","ping_status":"closed","template":"","meta":{"footnotes":""},"class_list":["post-167","page","type-page","status-publish","hentry"],"_links":{"self":[{"href":"https:\/\/only-porsche-books.com\/index.php?rest_route=\/wp\/v2\/pages\/167"}],"collection":[{"href":"https:\/\/only-porsche-books.com\/index.php?rest_route=\/wp\/v2\/pages"}],"about":[{"href":"https:\/\/only-porsche-books.com\/index.php?rest_route=\/wp\/v2\/types\/page"}],"author":[{"embeddable":true,"href":"https:\/\/only-porsche-books.com\/index.php?rest_route=\/wp\/v2\/users\/1"}],"replies":[{"embeddable":true,"href":"https:\/\/only-porsche-books.com\/index.php?rest_route=%2Fwp%2Fv2%2Fcomments&post=167"}],"version-history":[{"count":10,"href":"https:\/\/only-porsche-books.com\/index.php?rest_route=\/wp\/v2\/pages\/167\/revisions"}],"predecessor-version":[{"id":4403,"href":"https:\/\/only-porsche-books.com\/index.php?rest_route=\/wp\/v2\/pages\/167\/revisions\/4403"}],"wp:attachment":[{"href":"https:\/\/only-porsche-books.com\/index.php?rest_route=%2Fwp%2Fv2%2Fmedia&parent=167"}],"curies":[{"name":"wp","href":"https:\/\/api.w.org\/{rel}","templated":true}]}}